{"id":23,"date":"2023-03-11T17:18:04","date_gmt":"2023-03-11T17:18:04","guid":{"rendered":"https:\/\/xstore.8theme.com\/elementor2\/seo-agency\/?page_id=23"},"modified":"2025-08-06T14:33:05","modified_gmt":"2025-08-06T12:33:05","slug":"contact-us","status":"publish","type":"page","link":"https:\/\/klikpro.pl\/index.php\/contact-us\/","title":{"rendered":"Kontakt"},"content":{"rendered":"\t\t<div data-elementor-type=\"wp-page\" data-elementor-id=\"23\" class=\"elementor elementor-23\" data-elementor-post-type=\"page\">\n\t\t\t\t\t\t<section class=\"elementor-section elementor-top-section elementor-element elementor-element-01e98d9 elementor-section-stretched elementor-section-boxed elementor-section-height-default elementor-section-height-default\" data-id=\"01e98d9\" data-element_type=\"section\" data-e-type=\"section\" data-settings=\"{&quot;stretch_section&quot;:&quot;section-stretched&quot;}\">\n\t\t\t\t\t\t<div class=\"elementor-container elementor-column-gap-extended\">\n\t\t\t\t\t<div class=\"elementor-column elementor-col-50 elementor-top-column elementor-element elementor-element-c0eed26\" data-id=\"c0eed26\" data-element_type=\"column\" data-e-type=\"column\">\n\t\t\t<div class=\"elementor-widget-wrap elementor-element-populated\">\n\t\t\t\t\t\t<div class=\"elementor-element elementor-element-c78d336 elementor-align-left elementor-widget elementor-widget-etheme_icon_box\" data-id=\"c78d336\" data-element_type=\"widget\" data-e-type=\"widget\" data-settings=\"{&quot;icon_type&quot;:&quot;image&quot;}\" data-widget_type=\"etheme_icon_box.default\">\n\t\t\t\t<div class=\"elementor-widget-container\">\n\t\t\t\t\t\t\t\t<div class=\"etheme-icon-box etheme-icon-box-icon-position-left\">\n        \n                            \n                <div class=\"etheme-icon-box-icon etheme-icon-box-icon-type-image\">\n        \n                <img loading=\"lazy\" loading=\"lazy\" decoding=\"async\" width=\"36\" height=\"37\" src=\"https:\/\/klikpro.pl\/wp-content\/uploads\/2024\/03\/4.png\" class=\"attachment-full size-full wp-image-1752\" alt=\"\" \/>        \n                <\/div>\n            \n                <div class=\"etheme-icon-box-content\">\n\t\t\n                                        \n                                            <h3 class=\"etheme-icon-box-title\">\n                            <span>Godziny otwarcia<\/span>\n                        <\/h3>\n                    \t\t\n                                            <p class=\"etheme-icon-box-description\">\n                            Poniedzia\u0142ek - Pi\u0105tek 9 - 17                        <\/p>\n                    \n                            \n                <\/div>\n\t\t\t<\/div>\n\t\t\t\t\t\t<\/div>\n\t\t\t\t<\/div>\n\t\t\t\t\t<\/div>\n\t\t<\/div>\n\t\t\t\t<div class=\"elementor-column elementor-col-50 elementor-top-column elementor-element elementor-element-19fbacd\" data-id=\"19fbacd\" data-element_type=\"column\" data-e-type=\"column\">\n\t\t\t<div class=\"elementor-widget-wrap elementor-element-populated\">\n\t\t\t\t\t\t<div class=\"elementor-element elementor-element-cf86d4b elementor-align-left elementor-widget elementor-widget-etheme_icon_box\" data-id=\"cf86d4b\" data-element_type=\"widget\" data-e-type=\"widget\" data-settings=\"{&quot;icon_type&quot;:&quot;icon&quot;}\" data-widget_type=\"etheme_icon_box.default\">\n\t\t\t\t<div class=\"elementor-widget-container\">\n\t\t\t\t\t\t\t\t<div class=\"etheme-icon-box etheme-icon-box-icon-position-left\">\n        \n                            \n                <div class=\"etheme-icon-box-icon etheme-icon-box-icon-type-icon\">\n        \n                <svg xmlns=\"http:\/\/www.w3.org\/2000\/svg\" width=\"37\" height=\"38\" viewBox=\"0 0 37 38\" fill=\"none\"><path d=\"M36.0318 13.8694L20.8464 1.78939C20.2754 1.21843 19.5159 0.902832 18.7079 0.902832C17.8999 0.902832 17.1404 1.21712 16.5694 1.78939L1.25439 13.9977V36.9028H36.1614V14.0003L36.0318 13.8694ZM3.49108 13.7358L17.5568 2.77547C18.1723 2.15999 19.2448 2.15999 19.8603 2.77547L34.5873 14.3997L24.551 24.436L20.8464 20.7314C20.2754 20.1604 19.5159 19.8448 18.7079 19.8448C17.8999 19.8448 17.1404 20.1604 16.5694 20.7314L12.8097 24.4897L2.77346 14.4534L3.49108 13.7358ZM11.8224 25.4758L11.7189 25.5806L11.7176 25.5793L2.65167 34.6452V16.3051L11.8224 25.4758ZM3.76478 35.5056L4.51514 34.7552H4.51776L17.5568 21.7174C18.1723 21.102 19.2448 21.102 19.8603 21.7174L33.651 35.5056H3.76478ZM34.7654 16.787V34.6465L25.5384 25.4234L34.7654 16.1964V16.787Z\" fill=\"url(#paint0_linear_402_874)\" stroke=\"url(#paint1_linear_402_874)\" stroke-width=\"0.7\"><\/path><defs><linearGradient id=\"paint0_linear_402_874\" x1=\"36.1614\" y1=\"17.3508\" x2=\"1.25439\" y2=\"17.3508\" gradientUnits=\"userSpaceOnUse\"><stop stop-color=\"#6083FF\"><\/stop><stop offset=\"1\" stop-color=\"#5F5DFF\"><\/stop><\/linearGradient><linearGradient id=\"paint1_linear_402_874\" x1=\"36.1614\" y1=\"17.3508\" x2=\"1.25439\" y2=\"17.3508\" gradientUnits=\"userSpaceOnUse\"><stop stop-color=\"#6083FF\"><\/stop><stop offset=\"1\" stop-color=\"#5F5DFF\"><\/stop><\/linearGradient><\/defs><\/svg>        \n                <\/div>\n            \n                <div class=\"etheme-icon-box-content\">\n\t\t\n                                        \n                                            <h3 class=\"etheme-icon-box-title\">\n                            <span>Email<\/span>\n                        <\/h3>\n                    \t\t\n                                            <p class=\"etheme-icon-box-description\">\n                            biruo@klikpro.pl                        <\/p>\n                    \n                            \n                <\/div>\n\t\t\t<\/div>\n\t\t\t\t\t\t<\/div>\n\t\t\t\t<\/div>\n\t\t\t\t\t<\/div>\n\t\t<\/div>\n\t\t\t\t\t<\/div>\n\t\t<\/section>\n\t\t\t\t<section class=\"elementor-section elementor-top-section elementor-element elementor-element-013b735 elementor-section-stretched elementor-section-boxed elementor-section-height-default elementor-section-height-default\" data-id=\"013b735\" data-element_type=\"section\" data-e-type=\"section\" data-settings=\"{&quot;stretch_section&quot;:&quot;section-stretched&quot;}\">\n\t\t\t\t\t\t<div class=\"elementor-container elementor-column-gap-custom\">\n\t\t\t\t\t<div class=\"elementor-column elementor-col-100 elementor-top-column elementor-element elementor-element-822cf26\" data-id=\"822cf26\" data-element_type=\"column\" data-e-type=\"column\">\n\t\t\t<div class=\"elementor-widget-wrap elementor-element-populated\">\n\t\t\t\t\t\t<div class=\"elementor-element elementor-element-e67523c elementor-align-center elementor-widget elementor-widget-etheme_advanced_headline\" data-id=\"e67523c\" data-element_type=\"widget\" data-e-type=\"widget\" data-widget_type=\"etheme_advanced_headline.default\">\n\t\t\t\t<div class=\"elementor-widget-container\">\n\t\t\t\t\t        \n        <div class=\"etheme-a-h-wrapper\">\n        \n            \n\t\t\t\n        <h2 class=\"etheme-advanced-headline\">\n\n            Zostaw <span class=\"etheme-a-h-text\">wiadomo\u015b\u0107<\/span>\n                \n        <\/h2>\n\t\t\n                    \n        <\/div>\n        \n\t\t\t\t\t\t<\/div>\n\t\t\t\t<\/div>\n\t\t\t\t<div class=\"elementor-element elementor-element-0a46a31 etheme-contact-form-7-button-full-width elementor-widget elementor-widget-et-contact-form-7\" data-id=\"0a46a31\" data-element_type=\"widget\" data-e-type=\"widget\" data-widget_type=\"et-contact-form-7.default\">\n\t\t\t\t<div class=\"elementor-widget-container\">\n\t\t\t\t\t                <div class=\"pp-contact-form etheme-contact-form-7 placeholder-show\">\n                                        \n<div class=\"wpcf7 no-js\" id=\"wpcf7-f225-o1\" lang=\"en-US\" dir=\"ltr\" data-wpcf7-id=\"225\">\n<div class=\"screen-reader-response\"><p role=\"status\" aria-live=\"polite\" aria-atomic=\"true\"><\/p> <ul><\/ul><\/div>\n<form action=\"\/index.php\/wp-json\/wp\/v2\/pages\/23#wpcf7-f225-o1\" method=\"post\" class=\"wpcf7-form init\" aria-label=\"Contact form\" novalidate=\"novalidate\" data-status=\"init\">\n<fieldset class=\"hidden-fields-container\"><input type=\"hidden\" name=\"_wpcf7\" value=\"225\" \/><input type=\"hidden\" name=\"_wpcf7_version\" value=\"6.1.4\" \/><input type=\"hidden\" name=\"_wpcf7_locale\" value=\"en_US\" \/><input type=\"hidden\" name=\"_wpcf7_unit_tag\" value=\"wpcf7-f225-o1\" \/><input type=\"hidden\" name=\"_wpcf7_container_post\" value=\"0\" \/><input type=\"hidden\" name=\"_wpcf7_posted_data_hash\" value=\"\" \/>\n<\/fieldset>\n<p><label> Your name <span class=\"wpcf7-form-control-wrap\" data-name=\"your-name\"><input size=\"40\" maxlength=\"400\" class=\"wpcf7-form-control wpcf7-text wpcf7-validates-as-required\" aria-required=\"true\" aria-invalid=\"false\" value=\"Enter your full name\" type=\"text\" name=\"your-name\" \/><\/span><\/label>\n<\/p>\n<p><label> Email Address <span class=\"wpcf7-form-control-wrap\" data-name=\"your-email\"><input size=\"40\" maxlength=\"400\" class=\"wpcf7-form-control wpcf7-email wpcf7-validates-as-required wpcf7-text wpcf7-validates-as-email\" aria-required=\"true\" aria-invalid=\"false\" value=\"Enter your email\" type=\"email\" name=\"your-email\" \/><\/span><\/label>\n<\/p>\n<p><label> SEO Service <span class=\"wpcf7-form-control-wrap\" data-name=\"menu-188\"><select class=\"wpcf7-form-control wpcf7-select wpcf7-validates-as-required\" aria-required=\"true\" aria-invalid=\"false\" name=\"menu-188\"><option value=\"Improve Ranking\">Improve Ranking<\/option><option value=\"SEO Service\">SEO Service<\/option><\/select><\/span><\/label>\n<\/p>\n<p><label> Write Message <span class=\"wpcf7-form-control-wrap\" data-name=\"your-message\"><textarea cols=\"4\" rows=\"4\" maxlength=\"2000\" class=\"wpcf7-form-control wpcf7-textarea\" aria-invalid=\"false\" name=\"your-message\">Write us your question here...<\/textarea><\/span> <\/label>\n<\/p>\n<p><input class=\"wpcf7-form-control wpcf7-submit has-spinner\" type=\"submit\" value=\"Send Message\" \/>\n<\/p><div class=\"wpcf7-response-output\" aria-hidden=\"true\"><\/div>\n<\/form>\n<\/div>\n                <\/div>\n                \t\t\t\t<\/div>\n\t\t\t\t<\/div>\n\t\t\t\t\t<\/div>\n\t\t<\/div>\n\t\t\t\t\t<\/div>\n\t\t<\/section>\n\t\t\t\t<\/div>\n\t\t","protected":false},"excerpt":{"rendered":"<p>Godziny otwarcia Poniedzia\u0142ek &#8211; Pi\u0105tek 9 &#8211; 17 Email biruo@klikpro.pl Zostaw wiadomo\u015b\u0107 Your name Email Address SEO Service Improve RankingSEO Service Write Message Write us&#8230;<\/p>\n","protected":false},"author":1,"featured_media":0,"parent":0,"menu_order":0,"comment_status":"closed","ping_status":"closed","template":"","meta":{"footnotes":""},"class_list":["post-23","page","type-page","status-publish","hentry"],"jetpack_sharing_enabled":true,"_links":{"self":[{"href":"https:\/\/klikpro.pl\/index.php\/wp-json\/wp\/v2\/pages\/23","targetHints":{"allow":["GET"]}}],"collection":[{"href":"https:\/\/klikpro.pl\/index.php\/wp-json\/wp\/v2\/pages"}],"about":[{"href":"https:\/\/klikpro.pl\/index.php\/wp-json\/wp\/v2\/types\/page"}],"author":[{"embeddable":true,"href":"https:\/\/klikpro.pl\/index.php\/wp-json\/wp\/v2\/users\/1"}],"replies":[{"embeddable":true,"href":"https:\/\/klikpro.pl\/index.php\/wp-json\/wp\/v2\/comments?post=23"}],"version-history":[{"count":4,"href":"https:\/\/klikpro.pl\/index.php\/wp-json\/wp\/v2\/pages\/23\/revisions"}],"predecessor-version":[{"id":1854,"href":"https:\/\/klikpro.pl\/index.php\/wp-json\/wp\/v2\/pages\/23\/revisions\/1854"}],"wp:attachment":[{"href":"https:\/\/klikpro.pl\/index.php\/wp-json\/wp\/v2\/media?parent=23"}],"curies":[{"name":"wp","href":"https:\/\/api.w.org\/{rel}","templated":true}]}}